{"id":1308,"date":"2024-06-13T12:47:46","date_gmt":"2024-06-13T10:47:46","guid":{"rendered":"https:\/\/neuroclinicabarcelona.cat\/cirurgies\/"},"modified":"2024-11-15T12:17:05","modified_gmt":"2024-11-15T11:17:05","slug":"cirurgies","status":"publish","type":"page","link":"https:\/\/neuroclinicabarcelona.cat\/ca\/cirurgies\/","title":{"rendered":"Cirurgies"},"content":{"rendered":"\t\t<div data-elementor-type=\"wp-page\" data-elementor-id=\"1308\" class=\"elementor elementor-1308 elementor-80\" data-elementor-post-type=\"page\">\n\t\t\t\t<div class=\"elementor-element elementor-element-2e4a1cb e-flex e-con-boxed e-con e-parent\" data-id=\"2e4a1cb\" data-element_type=\"container\" data-e-type=\"container\">\n\t\t\t\t\t<div class=\"e-con-inner\">\n\t\t\t\t<div class=\"elementor-element elementor-element-32e1dfb elementor-widget elementor-widget-heading\" data-id=\"32e1dfb\" data-element_type=\"widget\" data-e-type=\"widget\" data-widget_type=\"heading.default\">\n\t\t\t\t<div class=\"elementor-widget-container\">\n\t\t\t\t\t<h2 class=\"elementor-heading-title elementor-size-default\">Tractaments<\/h2>\t\t\t\t<\/div>\n\t\t\t\t<\/div>\n\t\t\t\t<div class=\"elementor-element elementor-element-55f92dd elementor-widget elementor-widget-spacer\" data-id=\"55f92dd\" data-element_type=\"widget\" data-e-type=\"widget\" data-widget_type=\"spacer.default\">\n\t\t\t\t<div class=\"elementor-widget-container\">\n\t\t\t\t\t\t\t<div class=\"elementor-spacer\">\n\t\t\t<div class=\"elementor-spacer-inner\"><\/div>\n\t\t<\/div>\n\t\t\t\t\t\t<\/div>\n\t\t\t\t<\/div>\n\t\t\t\t<div class=\"elementor-element elementor-element-9b16430 elementor-widget elementor-widget-text-editor\" data-id=\"9b16430\" data-element_type=\"widget\" data-e-type=\"widget\" data-widget_type=\"text-editor.default\">\n\t\t\t\t<div class=\"elementor-widget-container\">\n\t\t\t\t\t\t\t\t\t<p>Els nostres serveis abasten una \u00e0mplia gamma de tractaments neuroquir\u00fargics, des de cirurgies de columna vertebral m\u00ednimament invasives fins a procediments cranials avan\u00e7ats. El nostre prop\u00f2sit \u00e9s sempre oferir la millor atenci\u00f3 possible a cada pas amb l&#8217;objectiu de recuperar la salut i el benestar del pacient, centrats a oferir la millor opci\u00f3 en cada cas amb la m\u00e0xima seguretat i precisi\u00f3 quir\u00fargica.<\/p>\t\t\t\t\t\t\t\t<\/div>\n\t\t\t\t<\/div>\n\t\t\t\t\t<\/div>\n\t\t\t\t<\/div>\n\t\t<div class=\"elementor-element elementor-element-1f147a6 e-flex e-con-boxed e-con e-parent\" data-id=\"1f147a6\" data-element_type=\"container\" data-e-type=\"container\">\n\t\t\t\t\t<div class=\"e-con-inner\">\n\t\t<div class=\"elementor-element elementor-element-ea439af e-con-full e-flex e-con e-child\" data-id=\"ea439af\" data-element_type=\"container\" data-e-type=\"container\">\n\t\t\t\t<div class=\"elementor-element elementor-element-a2af870 elementor-widget elementor-widget-text-editor\" data-id=\"a2af870\" data-element_type=\"widget\" data-e-type=\"widget\" data-widget_type=\"text-editor.default\">\n\t\t\t\t<div class=\"elementor-widget-container\">\n\t\t\t\t\t\t\t\t\t<p><b>Cirurgia de columna m\u00ednimament invasiva:<\/b><br \/>\u2022 H\u00e8rnia discal.<br \/>\u2022 Estenosi espinal.<br \/>\u2022 Espondilolistesi.<\/p><p><strong>Cirurgia de l&#8217;escoliosi:<\/strong><br \/>\u2022 Escoliosi idiop\u00e0tica.<br \/>\u2022 Escoliosi degenerativa.<br \/>\u2022 Escoliosi cong\u00e8nita.<\/p><p><strong>Cirurgia endosc\u00f2pica de columna vertebral:<\/strong><br \/>\u2022 H\u00e8rnia discal.<br \/>\u2022 Estenosi espinal.<br \/>\u2022 Fractures vertebrals.<\/p><p><strong>Cirurgia Endosc\u00f2pica Cranial:<\/strong><br \/>\u2022 Hidrocef\u00e0lia.<br \/>\u2022 Tumors cerebrals.<br \/>\u2022 Malformacions arteriovenoses cerebrals.<\/p><p><strong>Cirurgia de tumors cerebrals:<\/strong><br \/>\u2022 Gliomes.<br \/>\u2022 Meningiomes.<br \/>\u2022 Adenomes hipofisaris.<\/p><p><strong>Cirurgia de malformacions vasculars cerebrals:<\/strong><br \/>\u2022 Malformacions arteriovenoses (MAV).<br \/>\u2022 Angiomes cavernosos.<br \/>\u2022 F\u00edstules arteriovenoses.<\/p>\t\t\t\t\t\t\t\t<\/div>\n\t\t\t\t<\/div>\n\t\t\t\t<\/div>\n\t\t<div class=\"elementor-element elementor-element-4593556 e-con-full e-flex e-con e-child\" data-id=\"4593556\" data-element_type=\"container\" data-e-type=\"container\">\n\t\t\t\t<div class=\"elementor-element elementor-element-0d30a45 elementor-widget elementor-widget-text-editor\" data-id=\"0d30a45\" data-element_type=\"widget\" data-e-type=\"widget\" data-widget_type=\"text-editor.default\">\n\t\t\t\t<div class=\"elementor-widget-container\">\n\t\t\t\t\t\t\t\t\t<p><strong>Cirurgia de la neur\u00e0lgia del trigemin:<\/strong><br \/>\u2022 Neur\u00e0lgia del trigemin idiop\u00e0tica.<br \/>\u2022 Compressi\u00f3 vascular del nervi trigemin.<\/p>\n<p><strong>Cirurgia de la hidrocef\u00e0lia:<\/strong><br \/>\u2022 Hidrocefalia cong\u00e9nita.<br \/>\u2022 Hidrocef\u00e0lia adquirida (secund\u00e0ria a traumatisme<br \/>cranial, hemorr\u00e0gia intraventricular, etc.).<\/p>\n<p><strong>Cirurgia guiada amb Neuronavegaci\u00f3:<\/strong><br \/>\u2022 Tumors cerebrals.<br \/>\u2022 Malformaciones arteriovenosas.<br \/>\u2022 Anomalies cong\u00e8nites del crani i la columna vertebral.<\/p>\n<p><strong>Monitoritzaci\u00f3 neurofisiol\u00f2gica intraoperat\u00f2ria:<\/strong><br \/>\u2022 Resecci\u00f3 de tumors cerebrals<br \/>a prop d&#8217;\u00e0rees funcionals cr\u00edtiques.<br \/>\u2022 Cirurgia d&#8217;epil\u00e8psia.<br \/>\u2022 Cirurgia de la columna vertebral<br \/>per preservar la funci\u00f3 nerviosa.<\/p>\n<p><strong>Microcirurgia:<\/strong><br \/>\u2022 Resecci\u00f3 de tumors cerebrals.<br \/>\u2022 Reparaci\u00f3 d&#8217;aneurismes cerebrals.<br \/>\u2022 Tractament d&#8217;hematomes intracranials.<\/p>\n\t\t\t\t\t\t\t\t<\/div>\n\t\t\t\t<\/div>\n\t\t\t\t<\/div>\n\t\t\t\t\t<\/div>\n\t\t\t\t<\/div>\n\t\t<div class=\"elementor-element elementor-element-dc4a983 e-con-full e-flex e-con e-parent\" data-id=\"dc4a983\" data-element_type=\"container\" data-e-type=\"container\" data-settings=\"{&quot;background_background&quot;:&quot;classic&quot;}\">\n\t\t\t\t<\/div>\n\t\t\t\t<\/div>\n\t\t","protected":false},"excerpt":{"rendered":"<p>Tractaments Els nostres serveis abasten una \u00e0mplia gamma de tractaments neuroquir\u00fargics, des de cirurgies de columna vertebral m\u00ednimament invasives fins a procediments cranials avan\u00e7ats. El nostre prop\u00f2sit \u00e9s sempre oferir la millor atenci\u00f3 possible a cada pas amb l&#8217;objectiu de recuperar la salut i el benestar del pacient, centrats a oferir la millor opci\u00f3 en [&hellip;]<\/p>\n","protected":false},"author":1,"featured_media":0,"parent":0,"menu_order":2,"comment_status":"closed","ping_status":"closed","template":"","meta":{"_acf_changed":false,"footnotes":""},"class_list":["post-1308","page","type-page","status-publish","hentry"],"acf":[],"yoast_head":"<!-- This site is optimized with the Yoast SEO plugin v27.3 - https:\/\/yoast.com\/product\/yoast-seo-wordpress\/ -->\n<title>Cirurgies - Neurocl\u00ednica Barcelona<\/title>\n<meta name=\"robots\" content=\"index, follow, max-snippet:-1, max-image-preview:large, max-video-preview:-1\" \/>\n<link rel=\"canonical\" href=\"https:\/\/neuroclinicabarcelona.cat\/ca\/cirurgies\/\" \/>\n<meta property=\"og:locale\" content=\"ca_ES\" \/>\n<meta property=\"og:type\" content=\"article\" \/>\n<meta property=\"og:title\" content=\"Cirurgies - Neurocl\u00ednica Barcelona\" \/>\n<meta property=\"og:description\" content=\"Tractaments Els nostres serveis abasten una \u00e0mplia gamma de tractaments neuroquir\u00fargics, des de cirurgies de columna vertebral m\u00ednimament invasives fins a procediments cranials avan\u00e7ats. El nostre prop\u00f2sit \u00e9s sempre oferir la millor atenci\u00f3 possible a cada pas amb l&#8217;objectiu de recuperar la salut i el benestar del pacient, centrats a oferir la millor opci\u00f3 en [&hellip;]\" \/>\n<meta property=\"og:url\" content=\"https:\/\/neuroclinicabarcelona.cat\/ca\/cirurgies\/\" \/>\n<meta property=\"og:site_name\" content=\"Neurocl\u00ednica Barcelona\" \/>\n<meta property=\"article:modified_time\" content=\"2024-11-15T11:17:05+00:00\" \/>\n<meta name=\"twitter:card\" content=\"summary_large_image\" \/>\n<meta name=\"twitter:label1\" content=\"Temps estimat de lectura\" \/>\n\t<meta name=\"twitter:data1\" content=\"2 minuts\" \/>\n<script type=\"application\/ld+json\" class=\"yoast-schema-graph\">{\"@context\":\"https:\\\/\\\/schema.org\",\"@graph\":[{\"@type\":\"WebPage\",\"@id\":\"https:\\\/\\\/neuroclinicabarcelona.cat\\\/ca\\\/cirurgies\\\/\",\"url\":\"https:\\\/\\\/neuroclinicabarcelona.cat\\\/ca\\\/cirurgies\\\/\",\"name\":\"Cirurgies - Neurocl\u00ednica Barcelona\",\"isPartOf\":{\"@id\":\"https:\\\/\\\/neuroclinicabarcelona.cat\\\/ca\\\/#website\"},\"datePublished\":\"2024-06-13T10:47:46+00:00\",\"dateModified\":\"2024-11-15T11:17:05+00:00\",\"breadcrumb\":{\"@id\":\"https:\\\/\\\/neuroclinicabarcelona.cat\\\/ca\\\/cirurgies\\\/#breadcrumb\"},\"inLanguage\":\"ca\",\"potentialAction\":[{\"@type\":\"ReadAction\",\"target\":[\"https:\\\/\\\/neuroclinicabarcelona.cat\\\/ca\\\/cirurgies\\\/\"]}]},{\"@type\":\"BreadcrumbList\",\"@id\":\"https:\\\/\\\/neuroclinicabarcelona.cat\\\/ca\\\/cirurgies\\\/#breadcrumb\",\"itemListElement\":[{\"@type\":\"ListItem\",\"position\":1,\"name\":\"Portada\",\"item\":\"https:\\\/\\\/neuroclinicabarcelona.cat\\\/ca\\\/neuroclinica-quirurgica-barcelona\\\/\"},{\"@type\":\"ListItem\",\"position\":2,\"name\":\"Cirurgies\"}]},{\"@type\":\"WebSite\",\"@id\":\"https:\\\/\\\/neuroclinicabarcelona.cat\\\/ca\\\/#website\",\"url\":\"https:\\\/\\\/neuroclinicabarcelona.cat\\\/ca\\\/\",\"name\":\"Neurocl\u00ednica Barcelona\",\"description\":\"\",\"publisher\":{\"@id\":\"https:\\\/\\\/neuroclinicabarcelona.cat\\\/ca\\\/#organization\"},\"potentialAction\":[{\"@type\":\"SearchAction\",\"target\":{\"@type\":\"EntryPoint\",\"urlTemplate\":\"https:\\\/\\\/neuroclinicabarcelona.cat\\\/ca\\\/?s={search_term_string}\"},\"query-input\":{\"@type\":\"PropertyValueSpecification\",\"valueRequired\":true,\"valueName\":\"search_term_string\"}}],\"inLanguage\":\"ca\"},{\"@type\":\"Organization\",\"@id\":\"https:\\\/\\\/neuroclinicabarcelona.cat\\\/ca\\\/#organization\",\"name\":\"Neurocl\u00ednica Barcelona\",\"url\":\"https:\\\/\\\/neuroclinicabarcelona.cat\\\/ca\\\/\",\"logo\":{\"@type\":\"ImageObject\",\"inLanguage\":\"ca\",\"@id\":\"https:\\\/\\\/neuroclinicabarcelona.cat\\\/ca\\\/#\\\/schema\\\/logo\\\/image\\\/\",\"url\":\"https:\\\/\\\/neuroclinicabarcelona.cat\\\/wp-content\\\/uploads\\\/2024\\\/06\\\/logo_neuroclinica.png\",\"contentUrl\":\"https:\\\/\\\/neuroclinicabarcelona.cat\\\/wp-content\\\/uploads\\\/2024\\\/06\\\/logo_neuroclinica.png\",\"width\":808,\"height\":208,\"caption\":\"Neurocl\u00ednica Barcelona\"},\"image\":{\"@id\":\"https:\\\/\\\/neuroclinicabarcelona.cat\\\/ca\\\/#\\\/schema\\\/logo\\\/image\\\/\"}}]}<\/script>\n<!-- \/ Yoast SEO plugin. -->","yoast_head_json":{"title":"Cirurgies - Neurocl\u00ednica Barcelona","robots":{"index":"index","follow":"follow","max-snippet":"max-snippet:-1","max-image-preview":"max-image-preview:large","max-video-preview":"max-video-preview:-1"},"canonical":"https:\/\/neuroclinicabarcelona.cat\/ca\/cirurgies\/","og_locale":"ca_ES","og_type":"article","og_title":"Cirurgies - Neurocl\u00ednica Barcelona","og_description":"Tractaments Els nostres serveis abasten una \u00e0mplia gamma de tractaments neuroquir\u00fargics, des de cirurgies de columna vertebral m\u00ednimament invasives fins a procediments cranials avan\u00e7ats. El nostre prop\u00f2sit \u00e9s sempre oferir la millor atenci\u00f3 possible a cada pas amb l&#8217;objectiu de recuperar la salut i el benestar del pacient, centrats a oferir la millor opci\u00f3 en [&hellip;]","og_url":"https:\/\/neuroclinicabarcelona.cat\/ca\/cirurgies\/","og_site_name":"Neurocl\u00ednica Barcelona","article_modified_time":"2024-11-15T11:17:05+00:00","twitter_card":"summary_large_image","twitter_misc":{"Temps estimat de lectura":"2 minuts"},"schema":{"@context":"https:\/\/schema.org","@graph":[{"@type":"WebPage","@id":"https:\/\/neuroclinicabarcelona.cat\/ca\/cirurgies\/","url":"https:\/\/neuroclinicabarcelona.cat\/ca\/cirurgies\/","name":"Cirurgies - Neurocl\u00ednica Barcelona","isPartOf":{"@id":"https:\/\/neuroclinicabarcelona.cat\/ca\/#website"},"datePublished":"2024-06-13T10:47:46+00:00","dateModified":"2024-11-15T11:17:05+00:00","breadcrumb":{"@id":"https:\/\/neuroclinicabarcelona.cat\/ca\/cirurgies\/#breadcrumb"},"inLanguage":"ca","potentialAction":[{"@type":"ReadAction","target":["https:\/\/neuroclinicabarcelona.cat\/ca\/cirurgies\/"]}]},{"@type":"BreadcrumbList","@id":"https:\/\/neuroclinicabarcelona.cat\/ca\/cirurgies\/#breadcrumb","itemListElement":[{"@type":"ListItem","position":1,"name":"Portada","item":"https:\/\/neuroclinicabarcelona.cat\/ca\/neuroclinica-quirurgica-barcelona\/"},{"@type":"ListItem","position":2,"name":"Cirurgies"}]},{"@type":"WebSite","@id":"https:\/\/neuroclinicabarcelona.cat\/ca\/#website","url":"https:\/\/neuroclinicabarcelona.cat\/ca\/","name":"Neurocl\u00ednica Barcelona","description":"","publisher":{"@id":"https:\/\/neuroclinicabarcelona.cat\/ca\/#organization"},"potentialAction":[{"@type":"SearchAction","target":{"@type":"EntryPoint","urlTemplate":"https:\/\/neuroclinicabarcelona.cat\/ca\/?s={search_term_string}"},"query-input":{"@type":"PropertyValueSpecification","valueRequired":true,"valueName":"search_term_string"}}],"inLanguage":"ca"},{"@type":"Organization","@id":"https:\/\/neuroclinicabarcelona.cat\/ca\/#organization","name":"Neurocl\u00ednica Barcelona","url":"https:\/\/neuroclinicabarcelona.cat\/ca\/","logo":{"@type":"ImageObject","inLanguage":"ca","@id":"https:\/\/neuroclinicabarcelona.cat\/ca\/#\/schema\/logo\/image\/","url":"https:\/\/neuroclinicabarcelona.cat\/wp-content\/uploads\/2024\/06\/logo_neuroclinica.png","contentUrl":"https:\/\/neuroclinicabarcelona.cat\/wp-content\/uploads\/2024\/06\/logo_neuroclinica.png","width":808,"height":208,"caption":"Neurocl\u00ednica Barcelona"},"image":{"@id":"https:\/\/neuroclinicabarcelona.cat\/ca\/#\/schema\/logo\/image\/"}}]}},"_links":{"self":[{"href":"https:\/\/neuroclinicabarcelona.cat\/ca\/wp-json\/wp\/v2\/pages\/1308","targetHints":{"allow":["GET"]}}],"collection":[{"href":"https:\/\/neuroclinicabarcelona.cat\/ca\/wp-json\/wp\/v2\/pages"}],"about":[{"href":"https:\/\/neuroclinicabarcelona.cat\/ca\/wp-json\/wp\/v2\/types\/page"}],"author":[{"embeddable":true,"href":"https:\/\/neuroclinicabarcelona.cat\/ca\/wp-json\/wp\/v2\/users\/1"}],"replies":[{"embeddable":true,"href":"https:\/\/neuroclinicabarcelona.cat\/ca\/wp-json\/wp\/v2\/comments?post=1308"}],"version-history":[{"count":66,"href":"https:\/\/neuroclinicabarcelona.cat\/ca\/wp-json\/wp\/v2\/pages\/1308\/revisions"}],"predecessor-version":[{"id":3833,"href":"https:\/\/neuroclinicabarcelona.cat\/ca\/wp-json\/wp\/v2\/pages\/1308\/revisions\/3833"}],"wp:attachment":[{"href":"https:\/\/neuroclinicabarcelona.cat\/ca\/wp-json\/wp\/v2\/media?parent=1308"}],"curies":[{"name":"wp","href":"https:\/\/api.w.org\/{rel}","templated":true}]}}