{"id":1329,"date":"2024-06-13T12:18:28","date_gmt":"2024-06-13T10:18:28","guid":{"rendered":"https:\/\/neuroclinicabarcelona.cat\/meet-us\/"},"modified":"2025-10-22T11:18:42","modified_gmt":"2025-10-22T09:18:42","slug":"meet-us","status":"publish","type":"page","link":"https:\/\/neuroclinicabarcelona.cat\/en\/meet-us\/","title":{"rendered":"Meet us"},"content":{"rendered":"\t\t<div data-elementor-type=\"wp-page\" data-elementor-id=\"1329\" class=\"elementor elementor-1329 elementor-66\" data-elementor-post-type=\"page\">\n\t\t\t\t<div class=\"elementor-element elementor-element-27ff093 e-flex e-con-boxed e-con e-parent\" data-id=\"27ff093\" data-element_type=\"container\" data-e-type=\"container\">\n\t\t\t\t\t<div class=\"e-con-inner\">\n\t\t\t\t<div class=\"elementor-element elementor-element-307c9d4 elementor-widget elementor-widget-heading\" data-id=\"307c9d4\" data-element_type=\"widget\" data-e-type=\"widget\" data-widget_type=\"heading.default\">\n\t\t\t\t<div class=\"elementor-widget-container\">\n\t\t\t\t\t<h2 class=\"elementor-heading-title elementor-size-default\">Specialists in brain<br> and spine surgery<\/h2>\t\t\t\t<\/div>\n\t\t\t\t<\/div>\n\t\t<div class=\"elementor-element elementor-element-cc25806 e-flex e-con-boxed e-con e-child\" data-id=\"cc25806\" data-element_type=\"container\" data-e-type=\"container\">\n\t\t\t\t\t<div class=\"e-con-inner\">\n\t\t\t\t<div class=\"elementor-element elementor-element-8cb90db elementor-widget__width-initial elementor-widget elementor-widget-text-editor\" data-id=\"8cb90db\" data-element_type=\"widget\" data-e-type=\"widget\" data-widget_type=\"text-editor.default\">\n\t\t\t\t<div class=\"elementor-widget-container\">\n\t\t\t\t\t\t\t\t\t<p>Neurocl\u00ednica Quir\u00fargica Barcelona is made up of a team of high-level professionals in the field of neurosurgery and minimally invasive surgery. <\/p><p>We believe in innovation, so in our surgeries we use cutting-edge technology to achieve the best results. <\/p><p>We are fully involved in patient care from day one, so that the patient feels supported throughout the entire process.<\/p>\t\t\t\t\t\t\t\t<\/div>\n\t\t\t\t<\/div>\n\t\t\t\t<div class=\"elementor-element elementor-element-626d450 elementor-widget__width-initial elementor-widget elementor-widget-text-editor\" data-id=\"626d450\" data-element_type=\"widget\" data-e-type=\"widget\" data-widget_type=\"text-editor.default\">\n\t\t\t\t<div class=\"elementor-widget-container\">\n\t\t\t\t\t\t\t\t\t<p>We are committed to offering you a comprehensive assessment and advising you on the most appropriate treatment for your case, with respect and closeness. <\/p><p>The purpose of Neuroclinic is for patients to feel that they are in good hands, since they place their trust in us for the management of their illness.<\/p>\t\t\t\t\t\t\t\t<\/div>\n\t\t\t\t<\/div>\n\t\t\t\t\t<\/div>\n\t\t\t\t<\/div>\n\t\t\t\t\t<\/div>\n\t\t\t\t<\/div>\n\t\t<div class=\"elementor-element elementor-element-eb7c5fe e-flex e-con-boxed e-con e-parent\" data-id=\"eb7c5fe\" data-element_type=\"container\" data-e-type=\"container\">\n\t\t\t\t\t<div class=\"e-con-inner\">\n\t\t\t\t<div class=\"elementor-element elementor-element-a01b5be elementor-widget elementor-widget-heading\" data-id=\"a01b5be\" data-element_type=\"widget\" data-e-type=\"widget\" data-widget_type=\"heading.default\">\n\t\t\t\t<div class=\"elementor-widget-container\">\n\t\t\t\t\t<h2 class=\"elementor-heading-title elementor-size-default\">Team of Surgeons<\/h2>\t\t\t\t<\/div>\n\t\t\t\t<\/div>\n\t\t<div class=\"elementor-element elementor-element-19569b5 e-con-full e-flex e-con e-child\" data-id=\"19569b5\" data-element_type=\"container\" data-e-type=\"container\">\n\t\t<div class=\"elementor-element elementor-element-00dced7 e-con-full e-flex e-con e-child\" data-id=\"00dced7\" data-element_type=\"container\" data-e-type=\"container\">\n\t\t\t\t<div class=\"elementor-element elementor-element-e054392 elementor-widget elementor-widget-heading\" data-id=\"e054392\" data-element_type=\"widget\" data-e-type=\"widget\" data-widget_type=\"heading.default\">\n\t\t\t\t<div class=\"elementor-widget-container\">\n\t\t\t\t\t<h2 class=\"elementor-heading-title elementor-size-default\">Dr. ROBERTO LASTRA GARCIA<\/h2>\t\t\t\t<\/div>\n\t\t\t\t<\/div>\n\t\t\t\t<div class=\"elementor-element elementor-element-2106da4 elementor-widget elementor-widget-text-editor\" data-id=\"2106da4\" data-element_type=\"widget\" data-e-type=\"widget\" data-widget_type=\"text-editor.default\">\n\t\t\t\t<div class=\"elementor-widget-container\">\n\t\t\t\t\t\t\t\t\t<p><strong>Neurosurgeon Medical Director <\/strong> <br><strong>NEUROCL\u00cdNICA QUIR\u00daRGICA BARCELONA<\/strong><\/p>\t\t\t\t\t\t\t\t<\/div>\n\t\t\t\t<\/div>\n\t\t\t\t<div class=\"elementor-element elementor-element-6744030 elementor-widget__width-initial elementor-widget elementor-widget-text-editor\" data-id=\"6744030\" data-element_type=\"widget\" data-e-type=\"widget\" data-widget_type=\"text-editor.default\">\n\t\t\t\t<div class=\"elementor-widget-container\">\n\t\t\t\t\t\t\t\t\t<p>Dr. Lastra Garcia is a renowned specialist in Neurosurgery. He has more than 15 years of experience in the profession and extensive training in different fields of the specialty. Specifically, he is an expert in minimally invasive spine surgery, brain tumors, spinal deformity surgery, scoliosis surgery without fusion (Vertebral Body Tethering), herniated discs, lumbar and cervical spines, and spinal fixation with navigator.<\/p><p>He is currently the director of Neurocl\u00ednica Quir\u00fargica Barcelona, and is affiliated with Centro M\u00e9dico Teknon, Cl\u00ednica Sagrada Fam\u00edlia, Salut i M\u00e9s, the Consorci Sanitari de Terrassa, Cl\u00ednica del Remei, and Cl\u00ednica Corachan.<\/p>\t\t\t\t\t\t\t\t<\/div>\n\t\t\t\t<\/div>\n\t\t\t\t<\/div>\n\t\t\t\t<div class=\"elementor-element elementor-element-c5bf322 elementor-widget elementor-widget-image\" data-id=\"c5bf322\" data-element_type=\"widget\" data-e-type=\"widget\" data-widget_type=\"image.default\">\n\t\t\t\t<div class=\"elementor-widget-container\">\n\t\t\t\t\t\t\t\t\t\t\t\t\t\t\t<img fetchpriority=\"high\" decoding=\"async\" width=\"504\" height=\"398\" src=\"https:\/\/neuroclinicabarcelona.cat\/wp-content\/uploads\/2024\/06\/Recurso-2.png\" class=\"attachment-large size-large wp-image-1194\" alt=\"\" \/>\t\t\t\t\t\t\t\t\t\t\t\t\t\t\t<\/div>\n\t\t\t\t<\/div>\n\t\t\t\t<\/div>\n\t\t<div class=\"elementor-element elementor-element-290dd83 e-con-full e-flex e-con e-child\" data-id=\"290dd83\" data-element_type=\"container\" data-e-type=\"container\">\n\t\t<div class=\"elementor-element elementor-element-c822ba1 e-con-full e-flex e-con e-child\" data-id=\"c822ba1\" data-element_type=\"container\" data-e-type=\"container\">\n\t\t\t\t<div class=\"elementor-element elementor-element-9f68b87 elementor-widget elementor-widget-heading\" data-id=\"9f68b87\" data-element_type=\"widget\" data-e-type=\"widget\" data-widget_type=\"heading.default\">\n\t\t\t\t<div class=\"elementor-widget-container\">\n\t\t\t\t\t<h2 class=\"elementor-heading-title elementor-size-default\">Dr. JOS\u00c9 MANUEL AGUIRRE SOLER<\/h2>\t\t\t\t<\/div>\n\t\t\t\t<\/div>\n\t\t\t\t<div class=\"elementor-element elementor-element-b4fcf5f elementor-widget elementor-widget-text-editor\" data-id=\"b4fcf5f\" data-element_type=\"widget\" data-e-type=\"widget\" data-widget_type=\"text-editor.default\">\n\t\t\t\t<div class=\"elementor-widget-container\">\n\t\t\t\t\t\t\t\t\t<p><strong>Neurosurgeon<\/strong><\/p>\t\t\t\t\t\t\t\t<\/div>\n\t\t\t\t<\/div>\n\t\t\t\t<div class=\"elementor-element elementor-element-a8116ba elementor-widget__width-initial elementor-widget elementor-widget-text-editor\" data-id=\"a8116ba\" data-element_type=\"widget\" data-e-type=\"widget\" data-widget_type=\"text-editor.default\">\n\t\t\t\t<div class=\"elementor-widget-container\">\n\t\t\t\t\t\t\t\t\t<ul><li>Neurosurgeon at the Institute of Neurology and Neurosurgery of Cuba<\/li><li>Neurosurgeon at MINSAP<\/li><li>University of Medical Sciences of Havana<\/li><\/ul><p>He currently works as a neurosurgeon at NEUROCL\u00cdNICA QUIR\u00daRGICA BARCELONA, affiliated with Centro M\u00e9dico Teknon, Cl\u00ednica Corachan, Cl\u00ednica Nostra Senyora del Remei, and Cl\u00ednica Sagrada Fam\u00edlia.<\/p>\t\t\t\t\t\t\t\t<\/div>\n\t\t\t\t<\/div>\n\t\t\t\t<\/div>\n\t\t\t\t<div class=\"elementor-element elementor-element-355f154 elementor-widget elementor-widget-image\" data-id=\"355f154\" data-element_type=\"widget\" data-e-type=\"widget\" data-widget_type=\"image.default\">\n\t\t\t\t<div class=\"elementor-widget-container\">\n\t\t\t\t\t\t\t\t\t\t\t\t\t\t\t<img decoding=\"async\" width=\"518\" height=\"357\" src=\"https:\/\/neuroclinicabarcelona.cat\/wp-content\/uploads\/2024\/06\/Recurso-3-1.png\" class=\"attachment-large size-large wp-image-1196\" alt=\"\" \/>\t\t\t\t\t\t\t\t\t\t\t\t\t\t\t<\/div>\n\t\t\t\t<\/div>\n\t\t\t\t<\/div>\n\t\t<div class=\"elementor-element elementor-element-fbc99d2 e-con-full e-flex e-con e-child\" data-id=\"fbc99d2\" data-element_type=\"container\" data-e-type=\"container\">\n\t\t<div class=\"elementor-element elementor-element-2d7685e e-con-full e-flex e-con e-child\" data-id=\"2d7685e\" data-element_type=\"container\" data-e-type=\"container\">\n\t\t\t\t<div class=\"elementor-element elementor-element-58b4b92 elementor-widget elementor-widget-heading\" data-id=\"58b4b92\" data-element_type=\"widget\" data-e-type=\"widget\" data-widget_type=\"heading.default\">\n\t\t\t\t<div class=\"elementor-widget-container\">\n\t\t\t\t\t<h2 class=\"elementor-heading-title elementor-size-default\">Dr. FABI\u00c1N ENRIQUE ROMERO CHALA<\/h2>\t\t\t\t<\/div>\n\t\t\t\t<\/div>\n\t\t\t\t<div class=\"elementor-element elementor-element-73e8194 elementor-widget elementor-widget-text-editor\" data-id=\"73e8194\" data-element_type=\"widget\" data-e-type=\"widget\" data-widget_type=\"text-editor.default\">\n\t\t\t\t<div class=\"elementor-widget-container\">\n\t\t\t\t\t\t\t\t\t<p><strong>Neurosurgeon<\/strong><\/p>\t\t\t\t\t\t\t\t<\/div>\n\t\t\t\t<\/div>\n\t\t\t\t<div class=\"elementor-element elementor-element-57f0898 elementor-widget__width-initial elementor-widget elementor-widget-text-editor\" data-id=\"57f0898\" data-element_type=\"widget\" data-e-type=\"widget\" data-widget_type=\"text-editor.default\">\n\t\t\t\t<div class=\"elementor-widget-container\">\n\t\t\t\t\t\t\t\t\t<p>Dr. Fabian Enrique Romero Chala is a renowned specialist in Neurosurgery. He trained as a specialist in Neurosurgery at Vall d&#8217;Hebron University Hospital in Barcelona and has completed international training stays at UCSF-Medical Center, USA.. He is an Associate Professor of the Department of Surgery of the Autonomous University of Barcelona.<\/p><p>He has several years of training and experience in different fields of the specialty. He has special interest in minimally invasive spine surgery and preservation of movement functions; likewise in cerebral vascular malformation pathology.<\/p>\t\t\t\t\t\t\t\t<\/div>\n\t\t\t\t<\/div>\n\t\t\t\t<\/div>\n\t\t\t\t<div class=\"elementor-element elementor-element-290b78e elementor-widget elementor-widget-image\" data-id=\"290b78e\" data-element_type=\"widget\" data-e-type=\"widget\" data-widget_type=\"image.default\">\n\t\t\t\t<div class=\"elementor-widget-container\">\n\t\t\t\t\t\t\t\t\t\t\t\t\t\t\t<img decoding=\"async\" width=\"507\" height=\"356\" src=\"https:\/\/neuroclinicabarcelona.cat\/wp-content\/uploads\/2024\/06\/Recurso-4.png\" class=\"attachment-large size-large wp-image-1198\" alt=\"\" \/>\t\t\t\t\t\t\t\t\t\t\t\t\t\t\t<\/div>\n\t\t\t\t<\/div>\n\t\t\t\t<\/div>\n\t\t<div class=\"elementor-element elementor-element-0d74eba e-con-full e-flex e-con e-child\" data-id=\"0d74eba\" data-element_type=\"container\" data-e-type=\"container\">\n\t\t<div class=\"elementor-element elementor-element-024592e e-con-full e-flex e-con e-child\" data-id=\"024592e\" data-element_type=\"container\" data-e-type=\"container\">\n\t\t\t\t<div class=\"elementor-element elementor-element-3d13154 elementor-widget elementor-widget-heading\" data-id=\"3d13154\" data-element_type=\"widget\" data-e-type=\"widget\" data-widget_type=\"heading.default\">\n\t\t\t\t<div class=\"elementor-widget-container\">\n\t\t\t\t\t<h2 class=\"elementor-heading-title elementor-size-default\">Dr. XAVIER M\u00c0LAGA VALL\u00c9S<\/h2>\t\t\t\t<\/div>\n\t\t\t\t<\/div>\n\t\t\t\t<div class=\"elementor-element elementor-element-fa6235e elementor-widget elementor-widget-text-editor\" data-id=\"fa6235e\" data-element_type=\"widget\" data-e-type=\"widget\" data-widget_type=\"text-editor.default\">\n\t\t\t\t<div class=\"elementor-widget-container\">\n\t\t\t\t\t\t\t\t\t<p><strong>Neurosurgeon<\/strong><\/p>\t\t\t\t\t\t\t\t<\/div>\n\t\t\t\t<\/div>\n\t\t\t\t<div class=\"elementor-element elementor-element-5fbbb41 elementor-widget__width-initial elementor-widget elementor-widget-text-editor\" data-id=\"5fbbb41\" data-element_type=\"widget\" data-e-type=\"widget\" data-widget_type=\"text-editor.default\">\n\t\t\t\t<div class=\"elementor-widget-container\">\n\t\t\t\t\t\t\t\t\t<p>Dr. Xavier M\u00e0laga Vall\u00e9s is a neurosurgeon specialized in oncological and skull base surgery, spinal oncological surgery, degenerative spinal surgery and trigeminal neuralgia.<\/p><p>He trained as a specialist in neurosurgery at the Germans Trias i Pujol hospital. Since then he has more than 10 years of experience in his specialty. He has dedicated himself to both spine surgery and brain surgery. He currently works as a Neurosurgeon at NEUROCL\u00cdNICA QUIR\u00daRGICA BARCELONA at the Teknon Medical Center.   <\/p>\t\t\t\t\t\t\t\t<\/div>\n\t\t\t\t<\/div>\n\t\t\t\t<\/div>\n\t\t\t\t<div class=\"elementor-element elementor-element-d249d6b elementor-widget elementor-widget-image\" data-id=\"d249d6b\" data-element_type=\"widget\" data-e-type=\"widget\" data-widget_type=\"image.default\">\n\t\t\t\t<div class=\"elementor-widget-container\">\n\t\t\t\t\t\t\t\t\t\t\t\t\t\t\t<img loading=\"lazy\" decoding=\"async\" width=\"504\" height=\"356\" src=\"https:\/\/neuroclinicabarcelona.cat\/wp-content\/uploads\/2024\/06\/Recurso-6.png\" class=\"attachment-large size-large wp-image-1200\" alt=\"\" \/>\t\t\t\t\t\t\t\t\t\t\t\t\t\t\t<\/div>\n\t\t\t\t<\/div>\n\t\t\t\t<\/div>\n\t\t<div class=\"elementor-element elementor-element-c1ebf9c e-con-full e-flex e-con e-child\" data-id=\"c1ebf9c\" data-element_type=\"container\" data-e-type=\"container\">\n\t\t<div class=\"elementor-element elementor-element-fe459c5 e-con-full e-flex e-con e-child\" data-id=\"fe459c5\" data-element_type=\"container\" data-e-type=\"container\">\n\t\t\t\t<div class=\"elementor-element elementor-element-d5a0739 elementor-widget elementor-widget-heading\" data-id=\"d5a0739\" data-element_type=\"widget\" data-e-type=\"widget\" data-widget_type=\"heading.default\">\n\t\t\t\t<div class=\"elementor-widget-container\">\n\t\t\t\t\t<h2 class=\"elementor-heading-title elementor-size-default\">ELISENDA RUIZ I UTRERA<\/h2>\t\t\t\t<\/div>\n\t\t\t\t<\/div>\n\t\t\t\t<div class=\"elementor-element elementor-element-e8d13ba elementor-widget elementor-widget-text-editor\" data-id=\"e8d13ba\" data-element_type=\"widget\" data-e-type=\"widget\" data-widget_type=\"text-editor.default\">\n\t\t\t\t<div class=\"elementor-widget-container\">\n\t\t\t\t\t\t\t\t\t<p><strong>Management<\/strong><\/p>\t\t\t\t\t\t\t\t<\/div>\n\t\t\t\t<\/div>\n\t\t\t\t<div class=\"elementor-element elementor-element-5331796 elementor-widget__width-initial elementor-widget elementor-widget-text-editor\" data-id=\"5331796\" data-element_type=\"widget\" data-e-type=\"widget\" data-widget_type=\"text-editor.default\">\n\t\t\t\t<div class=\"elementor-widget-container\">\n\t\t\t\t\t\t\t\t\t<p>\u2022 Medical area coordination: plan, direct and manage. <br>\u2022 Administration of NEUROCL\u00cdNICA QUIR\u00daRGICA BARCELONA. <br>\u2022 Guarantee the quality of the services provided by the team of neurosurgeons. <br>\u2022 Develops and maintains relationships with other departments and organizations to improve patient care. <br>\u2022 Evaluating patient care.<\/p>\t\t\t\t\t\t\t\t<\/div>\n\t\t\t\t<\/div>\n\t\t\t\t<\/div>\n\t\t\t\t<div class=\"elementor-element elementor-element-7240acc elementor-widget elementor-widget-image\" data-id=\"7240acc\" data-element_type=\"widget\" data-e-type=\"widget\" data-widget_type=\"image.default\">\n\t\t\t\t<div class=\"elementor-widget-container\">\n\t\t\t\t\t\t\t\t\t\t\t\t\t\t\t<img loading=\"lazy\" decoding=\"async\" width=\"507\" height=\"357\" src=\"https:\/\/neuroclinicabarcelona.cat\/wp-content\/uploads\/2024\/06\/Recurso-7.png\" class=\"attachment-large size-large wp-image-1202\" alt=\"\" \/>\t\t\t\t\t\t\t\t\t\t\t\t\t\t\t<\/div>\n\t\t\t\t<\/div>\n\t\t\t\t<\/div>\n\t\t\t\t\t<\/div>\n\t\t\t\t<\/div>\n\t\t\t\t<\/div>\n\t\t","protected":false},"excerpt":{"rendered":"<p>Specialists in brain and spine surgery Neurocl\u00ednica Quir\u00fargica Barcelona is made up of a team of high-level professionals in the field of neurosurgery and minimally invasive surgery. We believe in innovation, so in our surgeries we use cutting-edge technology to achieve the best results. We are fully involved in patient care from day one, so [&hellip;]<\/p>\n","protected":false},"author":1,"featured_media":0,"parent":0,"menu_order":1,"comment_status":"closed","ping_status":"closed","template":"","meta":{"_acf_changed":false,"footnotes":""},"class_list":["post-1329","page","type-page","status-publish","hentry"],"acf":[],"yoast_head":"<!-- This site is optimized with the Yoast SEO plugin v27.1.1 - https:\/\/yoast.com\/product\/yoast-seo-wordpress\/ -->\n<title>Meet us - Neurocl\u00ednica Barcelona<\/title>\n<meta name=\"robots\" content=\"index, follow, max-snippet:-1, max-image-preview:large, max-video-preview:-1\" \/>\n<link rel=\"canonical\" href=\"https:\/\/neuroclinicabarcelona.cat\/en\/meet-us\/\" \/>\n<meta property=\"og:locale\" content=\"en_US\" \/>\n<meta property=\"og:type\" content=\"article\" \/>\n<meta property=\"og:title\" content=\"Meet us - Neurocl\u00ednica Barcelona\" \/>\n<meta property=\"og:description\" content=\"Specialists in brain and spine surgery Neurocl\u00ednica Quir\u00fargica Barcelona is made up of a team of high-level professionals in the field of neurosurgery and minimally invasive surgery. We believe in innovation, so in our surgeries we use cutting-edge technology to achieve the best results. We are fully involved in patient care from day one, so [&hellip;]\" \/>\n<meta property=\"og:url\" content=\"https:\/\/neuroclinicabarcelona.cat\/en\/meet-us\/\" \/>\n<meta property=\"og:site_name\" content=\"Neurocl\u00ednica Barcelona\" \/>\n<meta property=\"article:modified_time\" content=\"2025-10-22T09:18:42+00:00\" \/>\n<meta property=\"og:image\" content=\"https:\/\/neuroclinicabarcelona.cat\/wp-content\/uploads\/2024\/06\/Recurso-2.png\" \/>\n\t<meta property=\"og:image:width\" content=\"504\" \/>\n\t<meta property=\"og:image:height\" content=\"398\" \/>\n\t<meta property=\"og:image:type\" content=\"image\/png\" \/>\n<meta name=\"twitter:card\" content=\"summary_large_image\" \/>\n<meta name=\"twitter:label1\" content=\"Est. reading time\" \/>\n\t<meta name=\"twitter:data1\" content=\"4 minutes\" \/>\n<script type=\"application\/ld+json\" class=\"yoast-schema-graph\">{\"@context\":\"https:\/\/schema.org\",\"@graph\":[{\"@type\":\"WebPage\",\"@id\":\"https:\/\/neuroclinicabarcelona.cat\/en\/meet-us\/\",\"url\":\"https:\/\/neuroclinicabarcelona.cat\/en\/meet-us\/\",\"name\":\"Meet us - Neurocl\u00ednica Barcelona\",\"isPartOf\":{\"@id\":\"https:\/\/neuroclinicabarcelona.cat\/en\/#website\"},\"primaryImageOfPage\":{\"@id\":\"https:\/\/neuroclinicabarcelona.cat\/en\/meet-us\/#primaryimage\"},\"image\":{\"@id\":\"https:\/\/neuroclinicabarcelona.cat\/en\/meet-us\/#primaryimage\"},\"thumbnailUrl\":\"https:\/\/neuroclinicabarcelona.cat\/wp-content\/uploads\/2024\/06\/Recurso-2.png\",\"datePublished\":\"2024-06-13T10:18:28+00:00\",\"dateModified\":\"2025-10-22T09:18:42+00:00\",\"breadcrumb\":{\"@id\":\"https:\/\/neuroclinicabarcelona.cat\/en\/meet-us\/#breadcrumb\"},\"inLanguage\":\"en-US\",\"potentialAction\":[{\"@type\":\"ReadAction\",\"target\":[\"https:\/\/neuroclinicabarcelona.cat\/en\/meet-us\/\"]}]},{\"@type\":\"ImageObject\",\"inLanguage\":\"en-US\",\"@id\":\"https:\/\/neuroclinicabarcelona.cat\/en\/meet-us\/#primaryimage\",\"url\":\"https:\/\/neuroclinicabarcelona.cat\/wp-content\/uploads\/2024\/06\/Recurso-2.png\",\"contentUrl\":\"https:\/\/neuroclinicabarcelona.cat\/wp-content\/uploads\/2024\/06\/Recurso-2.png\"},{\"@type\":\"BreadcrumbList\",\"@id\":\"https:\/\/neuroclinicabarcelona.cat\/en\/meet-us\/#breadcrumb\",\"itemListElement\":[{\"@type\":\"ListItem\",\"position\":1,\"name\":\"Portada\",\"item\":\"https:\/\/neuroclinicabarcelona.cat\/en\/neuroclinica-quirurgica-barcelona\/\"},{\"@type\":\"ListItem\",\"position\":2,\"name\":\"Meet us\"}]},{\"@type\":\"WebSite\",\"@id\":\"https:\/\/neuroclinicabarcelona.cat\/en\/#website\",\"url\":\"https:\/\/neuroclinicabarcelona.cat\/en\/\",\"name\":\"Neurocl\u00ednica Barcelona\",\"description\":\"\",\"publisher\":{\"@id\":\"https:\/\/neuroclinicabarcelona.cat\/en\/#organization\"},\"potentialAction\":[{\"@type\":\"SearchAction\",\"target\":{\"@type\":\"EntryPoint\",\"urlTemplate\":\"https:\/\/neuroclinicabarcelona.cat\/en\/?s={search_term_string}\"},\"query-input\":{\"@type\":\"PropertyValueSpecification\",\"valueRequired\":true,\"valueName\":\"search_term_string\"}}],\"inLanguage\":\"en-US\"},{\"@type\":\"Organization\",\"@id\":\"https:\/\/neuroclinicabarcelona.cat\/en\/#organization\",\"name\":\"Neurocl\u00ednica Barcelona\",\"url\":\"https:\/\/neuroclinicabarcelona.cat\/en\/\",\"logo\":{\"@type\":\"ImageObject\",\"inLanguage\":\"en-US\",\"@id\":\"https:\/\/neuroclinicabarcelona.cat\/en\/#\/schema\/logo\/image\/\",\"url\":\"https:\/\/neuroclinicabarcelona.cat\/wp-content\/uploads\/2024\/06\/logo_neuroclinica.png\",\"contentUrl\":\"https:\/\/neuroclinicabarcelona.cat\/wp-content\/uploads\/2024\/06\/logo_neuroclinica.png\",\"width\":808,\"height\":208,\"caption\":\"Neurocl\u00ednica Barcelona\"},\"image\":{\"@id\":\"https:\/\/neuroclinicabarcelona.cat\/en\/#\/schema\/logo\/image\/\"}}]}<\/script>\n<!-- \/ Yoast SEO plugin. -->","yoast_head_json":{"title":"Meet us - Neurocl\u00ednica Barcelona","robots":{"index":"index","follow":"follow","max-snippet":"max-snippet:-1","max-image-preview":"max-image-preview:large","max-video-preview":"max-video-preview:-1"},"canonical":"https:\/\/neuroclinicabarcelona.cat\/en\/meet-us\/","og_locale":"en_US","og_type":"article","og_title":"Meet us - Neurocl\u00ednica Barcelona","og_description":"Specialists in brain and spine surgery Neurocl\u00ednica Quir\u00fargica Barcelona is made up of a team of high-level professionals in the field of neurosurgery and minimally invasive surgery. We believe in innovation, so in our surgeries we use cutting-edge technology to achieve the best results. We are fully involved in patient care from day one, so [&hellip;]","og_url":"https:\/\/neuroclinicabarcelona.cat\/en\/meet-us\/","og_site_name":"Neurocl\u00ednica Barcelona","article_modified_time":"2025-10-22T09:18:42+00:00","og_image":[{"width":504,"height":398,"url":"https:\/\/neuroclinicabarcelona.cat\/wp-content\/uploads\/2024\/06\/Recurso-2.png","type":"image\/png"}],"twitter_card":"summary_large_image","twitter_misc":{"Est. reading time":"4 minutes"},"schema":{"@context":"https:\/\/schema.org","@graph":[{"@type":"WebPage","@id":"https:\/\/neuroclinicabarcelona.cat\/en\/meet-us\/","url":"https:\/\/neuroclinicabarcelona.cat\/en\/meet-us\/","name":"Meet us - Neurocl\u00ednica Barcelona","isPartOf":{"@id":"https:\/\/neuroclinicabarcelona.cat\/en\/#website"},"primaryImageOfPage":{"@id":"https:\/\/neuroclinicabarcelona.cat\/en\/meet-us\/#primaryimage"},"image":{"@id":"https:\/\/neuroclinicabarcelona.cat\/en\/meet-us\/#primaryimage"},"thumbnailUrl":"https:\/\/neuroclinicabarcelona.cat\/wp-content\/uploads\/2024\/06\/Recurso-2.png","datePublished":"2024-06-13T10:18:28+00:00","dateModified":"2025-10-22T09:18:42+00:00","breadcrumb":{"@id":"https:\/\/neuroclinicabarcelona.cat\/en\/meet-us\/#breadcrumb"},"inLanguage":"en-US","potentialAction":[{"@type":"ReadAction","target":["https:\/\/neuroclinicabarcelona.cat\/en\/meet-us\/"]}]},{"@type":"ImageObject","inLanguage":"en-US","@id":"https:\/\/neuroclinicabarcelona.cat\/en\/meet-us\/#primaryimage","url":"https:\/\/neuroclinicabarcelona.cat\/wp-content\/uploads\/2024\/06\/Recurso-2.png","contentUrl":"https:\/\/neuroclinicabarcelona.cat\/wp-content\/uploads\/2024\/06\/Recurso-2.png"},{"@type":"BreadcrumbList","@id":"https:\/\/neuroclinicabarcelona.cat\/en\/meet-us\/#breadcrumb","itemListElement":[{"@type":"ListItem","position":1,"name":"Portada","item":"https:\/\/neuroclinicabarcelona.cat\/en\/neuroclinica-quirurgica-barcelona\/"},{"@type":"ListItem","position":2,"name":"Meet us"}]},{"@type":"WebSite","@id":"https:\/\/neuroclinicabarcelona.cat\/en\/#website","url":"https:\/\/neuroclinicabarcelona.cat\/en\/","name":"Neurocl\u00ednica Barcelona","description":"","publisher":{"@id":"https:\/\/neuroclinicabarcelona.cat\/en\/#organization"},"potentialAction":[{"@type":"SearchAction","target":{"@type":"EntryPoint","urlTemplate":"https:\/\/neuroclinicabarcelona.cat\/en\/?s={search_term_string}"},"query-input":{"@type":"PropertyValueSpecification","valueRequired":true,"valueName":"search_term_string"}}],"inLanguage":"en-US"},{"@type":"Organization","@id":"https:\/\/neuroclinicabarcelona.cat\/en\/#organization","name":"Neurocl\u00ednica Barcelona","url":"https:\/\/neuroclinicabarcelona.cat\/en\/","logo":{"@type":"ImageObject","inLanguage":"en-US","@id":"https:\/\/neuroclinicabarcelona.cat\/en\/#\/schema\/logo\/image\/","url":"https:\/\/neuroclinicabarcelona.cat\/wp-content\/uploads\/2024\/06\/logo_neuroclinica.png","contentUrl":"https:\/\/neuroclinicabarcelona.cat\/wp-content\/uploads\/2024\/06\/logo_neuroclinica.png","width":808,"height":208,"caption":"Neurocl\u00ednica Barcelona"},"image":{"@id":"https:\/\/neuroclinicabarcelona.cat\/en\/#\/schema\/logo\/image\/"}}]}},"_links":{"self":[{"href":"https:\/\/neuroclinicabarcelona.cat\/en\/wp-json\/wp\/v2\/pages\/1329","targetHints":{"allow":["GET"]}}],"collection":[{"href":"https:\/\/neuroclinicabarcelona.cat\/en\/wp-json\/wp\/v2\/pages"}],"about":[{"href":"https:\/\/neuroclinicabarcelona.cat\/en\/wp-json\/wp\/v2\/types\/page"}],"author":[{"embeddable":true,"href":"https:\/\/neuroclinicabarcelona.cat\/en\/wp-json\/wp\/v2\/users\/1"}],"replies":[{"embeddable":true,"href":"https:\/\/neuroclinicabarcelona.cat\/en\/wp-json\/wp\/v2\/comments?post=1329"}],"version-history":[{"count":25,"href":"https:\/\/neuroclinicabarcelona.cat\/en\/wp-json\/wp\/v2\/pages\/1329\/revisions"}],"predecessor-version":[{"id":4174,"href":"https:\/\/neuroclinicabarcelona.cat\/en\/wp-json\/wp\/v2\/pages\/1329\/revisions\/4174"}],"wp:attachment":[{"href":"https:\/\/neuroclinicabarcelona.cat\/en\/wp-json\/wp\/v2\/media?parent=1329"}],"curies":[{"name":"wp","href":"https:\/\/api.w.org\/{rel}","templated":true}]}}